{"id":649,"date":"2023-07-26T04:09:11","date_gmt":"2023-07-26T04:09:11","guid":{"rendered":"https:\/\/jthemes.net\/themes\/wp\/martex\/?page_id=649"},"modified":"2024-04-02T14:54:03","modified_gmt":"2024-04-02T14:54:03","slug":"cursos","status":"publish","type":"page","link":"https:\/\/pragmaconsulting.com.br\/index.php\/cursos\/","title":{"rendered":"Cursos"},"content":{"rendered":"\t\t<div data-elementor-type=\"wp-page\" data-elementor-id=\"649\" class=\"elementor elementor-649\">\n\t\t\t\t\t\t\t\t\t<section class=\"elementor-section elementor-top-section elementor-element elementor-element-33bd4bc elementor-section-content-middle elementor-section-boxed elementor-section-height-default elementor-section-height-default\" data-id=\"33bd4bc\" data-element_type=\"section\">\n\t\t\t\t\t\t<div class=\"elementor-container elementor-column-gap-extended\">\n\t\t\t\t\t<div class=\"elementor-column elementor-col-100 elementor-top-column elementor-element elementor-element-42543d1\" data-id=\"42543d1\" data-element_type=\"column\">\n\t\t\t<div class=\"elementor-widget-wrap elementor-element-populated\">\n\t\t\t\t\t\t\t\t<section class=\"elementor-section elementor-inner-section elementor-element elementor-element-7ad9dc8 elementor-section-boxed elementor-section-height-default elementor-section-height-default\" data-id=\"7ad9dc8\" data-element_type=\"section\">\n\t\t\t\t\t\t<div class=\"elementor-container elementor-column-gap-default\">\n\t\t\t\t\t<div class=\"elementor-column elementor-col-100 elementor-inner-column elementor-element elementor-element-89e0ead\" data-id=\"89e0ead\" data-element_type=\"column\">\n\t\t\t<div class=\"elementor-widget-wrap elementor-element-populated\">\n\t\t\t\t\t\t\t\t<div class=\"section-title mb-70 elementor-element elementor-element-281f9b7 elementor-widget__width-initial elementor-widget elementor-widget-section_title\" data-id=\"281f9b7\" data-element_type=\"widget\" data-widget_type=\"section_title.default\">\n\t\t\t\t<div class=\"elementor-widget-container\">\n\t\t\t<h2 class=\"title-element s-46\">Conhe\u00e7a nossos cursos<\/h2><p class=\"description-element s-21\">Aqui voc\u00ea tem uma vis\u00e3o das op\u00e7\u00f5es de treinamento que oferecemos. <\/p>\t\t<\/div>\n\t\t\t\t<\/div>\n\t\t\t\t\t<\/div>\n\t\t<\/div>\n\t\t\t\t\t\t\t<\/div>\n\t\t<\/section>\n\t\t\t\t<div class=\"elementor-element elementor-element-b2f3e5d elementor-widget elementor-widget-portfolio\" data-id=\"b2f3e5d\" data-element_type=\"widget\" data-widget_type=\"portfolio.default\">\n\t\t\t\t<div class=\"elementor-widget-container\">\n\t\t\t\r\n    <div class=\"projects-wrapper\">\r\n        <div class=\"row align-items-center row-cols-1 row-cols-md-3\">\r\n                            <!-- PROJECT #1 -->\r\n                <div class=\"col\">\r\n                    <!-- PROJECT #35 -->\r\n\r\n<div id=\"post-3528\" class=\"project-details\">\r\n    <!-- Title -->\r\n    <h5 class=\"portfolio-title s-24\">IA para Product Management<\/h5>\r\n    <!-- Image -->\r\n    <div class=\"project-preview r-10\">\r\n                    <!-- Project Preview -->\r\n            <div class=\"hover-overlay\">\r\n                <img decoding=\"async\" src=\"https:\/\/pragmaconsulting.com.br\/wp-content\/uploads\/2023\/08\/project-06.jpg\" alt=\"IA para Product Management\" class=\"img-fluid\">                <div class=\"item-overlay\"><\/div>\r\n            <\/div>\r\n                <!-- Project Link -->\r\n        <div class=\"project-link ico-35 color--white\">\r\n            <a href=\"https:\/\/pragmaconsulting.com.br\/index.php\/portfolio\/inteligencia-artificial-para-product-management\/\"><span class=\"flaticon-visibility\"><\/span><\/a>\r\n        <\/div>\r\n    <\/div>\r\n<\/div>                <\/div>\r\n                            <!-- PROJECT #1 -->\r\n                <div class=\"col\">\r\n                    <!-- PROJECT #35 -->\r\n\r\n<div id=\"post-3519\" class=\"project-details\">\r\n    <!-- Title -->\r\n    <h5 class=\"portfolio-title s-24\">Vintage Poster<\/h5>\r\n    <!-- Image -->\r\n    <div class=\"project-preview r-10\">\r\n                    <!-- Project Preview -->\r\n            <div class=\"hover-overlay\">\r\n                <img decoding=\"async\" src=\"https:\/\/pragmaconsulting.com.br\/wp-content\/uploads\/2023\/08\/project-05.jpg\" alt=\"Vintage Poster\" class=\"img-fluid\">                <div class=\"item-overlay\"><\/div>\r\n            <\/div>\r\n                <!-- Project Link -->\r\n        <div class=\"project-link ico-35 color--white\">\r\n            <a href=\"https:\/\/pragmaconsulting.com.br\/index.php\/portfolio\/vintage-poster\/\"><span class=\"flaticon-visibility\"><\/span><\/a>\r\n        <\/div>\r\n    <\/div>\r\n<\/div>                <\/div>\r\n                            <!-- PROJECT #1 -->\r\n                <div class=\"col\">\r\n                    <!-- PROJECT #35 -->\r\n\r\n<div id=\"post-3516\" class=\"project-details\">\r\n    <!-- Title -->\r\n    <h5 class=\"portfolio-title s-24\">Reativity<\/h5>\r\n    <!-- Image -->\r\n    <div class=\"project-preview r-10\">\r\n                    <!-- Project Preview -->\r\n            <div class=\"hover-overlay\">\r\n                <img decoding=\"async\" src=\"https:\/\/pragmaconsulting.com.br\/wp-content\/uploads\/2023\/08\/project-04.jpg\" alt=\"Reativity\" class=\"img-fluid\">                <div class=\"item-overlay\"><\/div>\r\n            <\/div>\r\n                <!-- Project Link -->\r\n        <div class=\"project-link ico-35 color--white\">\r\n            <a href=\"https:\/\/pragmaconsulting.com.br\/index.php\/portfolio\/reativity\/\"><span class=\"flaticon-visibility\"><\/span><\/a>\r\n        <\/div>\r\n    <\/div>\r\n<\/div>                <\/div>\r\n                            <!-- PROJECT #1 -->\r\n                <div class=\"col\">\r\n                    <!-- PROJECT #35 -->\r\n\r\n<div id=\"post-3513\" class=\"project-details\">\r\n    <!-- Title -->\r\n    <h5 class=\"portfolio-title s-24\">Double Color<\/h5>\r\n    <!-- Image -->\r\n    <div class=\"project-preview r-10\">\r\n                    <!-- Project Preview -->\r\n            <div class=\"hover-overlay\">\r\n                <img decoding=\"async\" src=\"https:\/\/pragmaconsulting.com.br\/wp-content\/uploads\/2023\/08\/project-03.jpg\" alt=\"Double Color\" class=\"img-fluid\">                <div class=\"item-overlay\"><\/div>\r\n            <\/div>\r\n                <!-- Project Link -->\r\n        <div class=\"project-link ico-35 color--white\">\r\n            <a href=\"https:\/\/pragmaconsulting.com.br\/index.php\/portfolio\/double-color\/\"><span class=\"flaticon-visibility\"><\/span><\/a>\r\n        <\/div>\r\n    <\/div>\r\n<\/div>                <\/div>\r\n                            <!-- PROJECT #1 -->\r\n                <div class=\"col\">\r\n                    <!-- PROJECT #35 -->\r\n\r\n<div id=\"post-3495\" class=\"project-details\">\r\n    <!-- Title -->\r\n    <h5 class=\"portfolio-title s-24\">Glued Poster<\/h5>\r\n    <!-- Image -->\r\n    <div class=\"project-preview r-10\">\r\n                    <!-- Project Preview -->\r\n            <div class=\"hover-overlay\">\r\n                <img decoding=\"async\" src=\"https:\/\/pragmaconsulting.com.br\/wp-content\/uploads\/2023\/08\/project-02.jpg\" alt=\"Glued Poster\" class=\"img-fluid\">                <div class=\"item-overlay\"><\/div>\r\n            <\/div>\r\n                <!-- Project Link -->\r\n        <div class=\"project-link ico-35 color--white\">\r\n            <a href=\"https:\/\/pragmaconsulting.com.br\/index.php\/portfolio\/glued-poster\/\"><span class=\"flaticon-visibility\"><\/span><\/a>\r\n        <\/div>\r\n    <\/div>\r\n<\/div>                <\/div>\r\n                            <!-- PROJECT #1 -->\r\n                <div class=\"col\">\r\n                    <!-- PROJECT #35 -->\r\n\r\n<div id=\"post-3395\" class=\"project-details\">\r\n    <!-- Title -->\r\n    <h5 class=\"portfolio-title s-24\">Mockup Poster<\/h5>\r\n    <!-- Image -->\r\n    <div class=\"project-preview r-10\">\r\n                    <!-- Project Preview -->\r\n            <div class=\"hover-overlay\">\r\n                <img decoding=\"async\" src=\"https:\/\/pragmaconsulting.com.br\/wp-content\/uploads\/2023\/08\/project-01.jpg\" alt=\"Mockup Poster\" class=\"img-fluid\">                <div class=\"item-overlay\"><\/div>\r\n            <\/div>\r\n                <!-- Project Link -->\r\n        <div class=\"project-link ico-35 color--white\">\r\n            <a href=\"https:\/\/pragmaconsulting.com.br\/index.php\/portfolio\/mockup-poster\/\"><span class=\"flaticon-visibility\"><\/span><\/a>\r\n        <\/div>\r\n    <\/div>\r\n<\/div>                <\/div>\r\n                            <!-- PROJECT #1 -->\r\n                <div class=\"col\">\r\n                    <!-- PROJECT #35 -->\r\n\r\n<div id=\"post-3582\" class=\"project-details\">\r\n    <!-- Title -->\r\n    <h5 class=\"portfolio-title s-24\">Online shopping concept for mobile app templates<\/h5>\r\n    <!-- Image -->\r\n    <div class=\"project-preview r-10\">\r\n                    <!-- Project Preview -->\r\n            <div class=\"hover-overlay\">\r\n                <img decoding=\"async\" src=\"https:\/\/pragmaconsulting.com.br\/wp-content\/uploads\/2023\/08\/project-07-700x500.jpg\" alt=\"Online shopping concept for mobile app templates\" class=\"img-fluid\">                <div class=\"item-overlay\"><\/div>\r\n            <\/div>\r\n                <!-- Project Link -->\r\n        <div class=\"project-link ico-35 color--white\">\r\n            <a href=\"https:\/\/pragmaconsulting.com.br\/index.php\/portfolio\/online-shopping-concept-for-mobile-app-templates\/\"><span class=\"flaticon-visibility\"><\/span><\/a>\r\n        <\/div>\r\n    <\/div>\r\n<\/div>                <\/div>\r\n                    <\/div>\r\n    <\/div>\r\n            <nav class=\"mb-50 mt-50 nav-alignment\">\r\n                    <\/nav>\r\n    \r\n\t\t<\/div>\n\t\t\t\t<\/div>\n\t\t\t\t\t<\/div>\n\t\t<\/div>\n\t\t\t\t\t\t\t<\/div>\n\t\t<\/section>\n\t\t\t\t<section class=\"elementor-section elementor-top-section elementor-element elementor-element-dc1cf18 elementor-section-full_width elementor-section-height-default elementor-section-height-default\" data-id=\"dc1cf18\" data-element_type=\"section\">\n\t\t\t\t\t\t<div class=\"elementor-container elementor-column-gap-no\">\n\t\t\t\t\t<div class=\"elementor-column elementor-col-100 elementor-top-column elementor-element elementor-element-176fd94\" data-id=\"176fd94\" data-element_type=\"column\">\n\t\t\t<div class=\"elementor-widget-wrap elementor-element-populated\">\n\t\t\t\t\t\t\t\t<div class=\"elementor-element elementor-element-76fa590 elementor-widget-divider--view-line elementor-widget elementor-widget-divider\" data-id=\"76fa590\" data-element_type=\"widget\" data-widget_type=\"divider.default\">\n\t\t\t\t<div class=\"elementor-widget-container\">\n\t\t\t<style>\/*! elementor - v3.18.0 - 20-12-2023 *\/\n.elementor-widget-divider{--divider-border-style:none;--divider-border-width:1px;--divider-color:#0c0d0e;--divider-icon-size:20px;--divider-element-spacing:10px;--divider-pattern-height:24px;--divider-pattern-size:20px;--divider-pattern-url:none;--divider-pattern-repeat:repeat-x}.elementor-widget-divider .elementor-divider{display:flex}.elementor-widget-divider .elementor-divider__text{font-size:15px;line-height:1;max-width:95%}.elementor-widget-divider .elementor-divider__element{margin:0 var(--divider-element-spacing);flex-shrink:0}.elementor-widget-divider .elementor-icon{font-size:var(--divider-icon-size)}.elementor-widget-divider .elementor-divider-separator{display:flex;margin:0;direction:ltr}.elementor-widget-divider--view-line_icon .elementor-divider-separator,.elementor-widget-divider--view-line_text .elementor-divider-separator{align-items:center}.elementor-widget-divider--view-line_icon .elementor-divider-separator:after,.elementor-widget-divider--view-line_icon .elementor-divider-separator:before,.elementor-widget-divider--view-line_text .elementor-divider-separator:after,.elementor-widget-divider--view-line_text .elementor-divider-separator:before{display:block;content:\"\";border-bottom:0;flex-grow:1;border-top:var(--divider-border-width) var(--divider-border-style) var(--divider-color)}.elementor-widget-divider--element-align-left .elementor-divider .elementor-divider-separator>.elementor-divider__svg:first-of-type{flex-grow:0;flex-shrink:100}.elementor-widget-divider--element-align-left .elementor-divider-separator:before{content:none}.elementor-widget-divider--element-align-left .elementor-divider__element{margin-left:0}.elementor-widget-divider--element-align-right .elementor-divider .elementor-divider-separator>.elementor-divider__svg:last-of-type{flex-grow:0;flex-shrink:100}.elementor-widget-divider--element-align-right .elementor-divider-separator:after{content:none}.elementor-widget-divider--element-align-right .elementor-divider__element{margin-right:0}.elementor-widget-divider:not(.elementor-widget-divider--view-line_text):not(.elementor-widget-divider--view-line_icon) .elementor-divider-separator{border-top:var(--divider-border-width) var(--divider-border-style) var(--divider-color)}.elementor-widget-divider--separator-type-pattern{--divider-border-style:none}.elementor-widget-divider--separator-type-pattern.elementor-widget-divider--view-line .elementor-divider-separator,.elementor-widget-divider--separator-type-pattern:not(.elementor-widget-divider--view-line) .elementor-divider-separator:after,.elementor-widget-divider--separator-type-pattern:not(.elementor-widget-divider--view-line) .elementor-divider-separator:before,.elementor-widget-divider--separator-type-pattern:not([class*=elementor-widget-divider--view]) .elementor-divider-separator{width:100%;min-height:var(--divider-pattern-height);-webkit-mask-size:var(--divider-pattern-size) 100%;mask-size:var(--divider-pattern-size) 100%;-webkit-mask-repeat:var(--divider-pattern-repeat);mask-repeat:var(--divider-pattern-repeat);background-color:var(--divider-color);-webkit-mask-image:var(--divider-pattern-url);mask-image:var(--divider-pattern-url)}.elementor-widget-divider--no-spacing{--divider-pattern-size:auto}.elementor-widget-divider--bg-round{--divider-pattern-repeat:round}.rtl .elementor-widget-divider .elementor-divider__text{direction:rtl}.e-con-inner>.elementor-widget-divider,.e-con>.elementor-widget-divider{width:var(--container-widget-width,100%);--flex-grow:var(--container-widget-flex-grow)}<\/style>\t\t<div class=\"elementor-divider\">\n\t\t\t<span class=\"elementor-divider-separator\">\n\t\t\t\t\t\t<\/span>\n\t\t<\/div>\n\t\t\t\t<\/div>\n\t\t\t\t<\/div>\n\t\t\t\t<div class=\"elementor-element elementor-element-d90532d elementor-widget elementor-widget-martex_review\" data-id=\"d90532d\" data-element_type=\"widget\" data-widget_type=\"martex_review.default\">\n\t\t\t\t<div class=\"elementor-widget-container\">\n\t\t\t\r\n\r\n\r\n<!-- TESTIMONIALS-1\r\n                ============================================= -->\r\n<section id=\"reviews-2\" class=\"pt-100 reviews-section\">\r\n    <div class=\"container\">\r\n\r\n                    <!-- SECTION TITLE -->\r\n            <div class=\"row justify-content-center\">\r\n                <div class=\"col-md-10 col-lg-9\">\r\n                    <div class=\"section-title mb-70\">\r\n                        <!-- Title -->\r\n                        <h2 class=\"s-50 w-700\">Our Happy Customers<\/h2>\r\n                        <!-- Text -->\r\n                                                    <p class=\"s-21 color--grey\">Ligula risus auctor tempus magna feugiat lacinia.<\/p>\r\n                        \r\n                    <\/div>\r\n                <\/div>\r\n            <\/div>\r\n        \r\n\r\n        <div class=\"reviews-2-wrapper rel shape--02 shape--whitesmoke\">\r\n            <div class=\"row align-items-center row-cols-1 row-cols-md-2\">\r\n                                    <!-- TESTIMONIAL #1 -->\r\n                    <div class=\"col\">\r\n                        <div id=\"rw-2-1\" class=\"review-2 bg--white-100 block-shadow r-08\">\r\n\r\n                            <!-- Quote Icon -->\r\n                            <div class=\"review-ico ico-65\"><span class=\"flaticon-quote\"><\/span><\/div>\r\n                            <!-- Text -->\r\n                            <div class=\"review-txt\">\r\n                                <!-- Text -->\r\n                                <p>Augue at vitae purus tempus egestas volutpat augue undo cubilia laoreet magna suscipit luctus dolor blandit at purus tempus feugiat impedit<\/p>\r\n\r\n                                <!-- Author -->\r\n                                <div class=\"author-data clearfix\">\r\n\r\n                                    <!-- Avatar -->\r\n                                    <div class=\"review-avatar\">\r\n                                        <img decoding=\"async\" src=\"https:\/\/jthemes.net\/themes\/wp\/martex\/wp-content\/themes\/martex\/assets\/images\/review-author-2.jpg\" alt=\"Joel Peterson\">\r\n                                    <\/div>\r\n\r\n                                    <!-- Data -->\r\n                                    <div class=\"review-author\">\r\n                                        <h6 class=\"s-18 w-700\">Joel Peterson<\/h6>\r\n                                        <p class=\"p-sm\">Internet Surfer<\/p>\r\n                                    <\/div>\r\n\r\n                                <\/div> <!-- End Author -->\r\n\r\n                            <\/div> <!-- End Text -->\r\n\r\n                        <\/div>\r\n                    <\/div>\r\n                    <!-- END TESTIMONIAL #1 -->\r\n                                    <!-- TESTIMONIAL #1 -->\r\n                    <div class=\"col\">\r\n                        <div id=\"rw-2-1\" class=\"review-2 bg--white-100 block-shadow r-08\">\r\n\r\n                            <!-- Quote Icon -->\r\n                            <div class=\"review-ico ico-65\"><span class=\"flaticon-quote\"><\/span><\/div>\r\n                            <!-- Text -->\r\n                            <div class=\"review-txt\">\r\n                                <!-- Text -->\r\n                                <p>Augue at vitae purus tempus egestas volutpat augue undo cubilia laoreet magna suscipit luctus dolor blandit at purus tempus feugiat impedit<\/p>\r\n\r\n                                <!-- Author -->\r\n                                <div class=\"author-data clearfix\">\r\n\r\n                                    <!-- Avatar -->\r\n                                    <div class=\"review-avatar\">\r\n                                        <img decoding=\"async\" src=\"https:\/\/jthemes.net\/themes\/wp\/martex\/wp-content\/themes\/martex\/assets\/images\/review-author-3.jpg\" alt=\"Marisol19\">\r\n                                    <\/div>\r\n\r\n                                    <!-- Data -->\r\n                                    <div class=\"review-author\">\r\n                                        <h6 class=\"s-18 w-700\">Marisol19<\/h6>\r\n                                        <p class=\"p-sm\">@marisol19<\/p>\r\n                                    <\/div>\r\n\r\n                                <\/div> <!-- End Author -->\r\n\r\n                            <\/div> <!-- End Text -->\r\n\r\n                        <\/div>\r\n                    <\/div>\r\n                    <!-- END TESTIMONIAL #1 -->\r\n                                    <!-- TESTIMONIAL #1 -->\r\n                    <div class=\"col\">\r\n                        <div id=\"rw-2-1\" class=\"review-2 bg--white-100 block-shadow r-08\">\r\n\r\n                            <!-- Quote Icon -->\r\n                            <div class=\"review-ico ico-65\"><span class=\"flaticon-quote\"><\/span><\/div>\r\n                            <!-- Text -->\r\n                            <div class=\"review-txt\">\r\n                                <!-- Text -->\r\n                                <p>Augue at vitae purus tempus egestas volutpat augue undo cubilia laoreet magna suscipit luctus dolor blandit at purus tempus feugiat impedit<\/p>\r\n\r\n                                <!-- Author -->\r\n                                <div class=\"author-data clearfix\">\r\n\r\n                                    <!-- Avatar -->\r\n                                    <div class=\"review-avatar\">\r\n                                        <img decoding=\"async\" src=\"https:\/\/jthemes.net\/themes\/wp\/martex\/wp-content\/themes\/martex\/assets\/images\/review-author-4.jpg\" alt=\"Leslie D.\">\r\n                                    <\/div>\r\n\r\n                                    <!-- Data -->\r\n                                    <div class=\"review-author\">\r\n                                        <h6 class=\"s-18 w-700\">Leslie D.<\/h6>\r\n                                        <p class=\"p-sm\">Web Developer<\/p>\r\n                                    <\/div>\r\n\r\n                                <\/div> <!-- End Author -->\r\n\r\n                            <\/div> <!-- End Text -->\r\n\r\n                        <\/div>\r\n                    <\/div>\r\n                    <!-- END TESTIMONIAL #1 -->\r\n                                    <!-- TESTIMONIAL #1 -->\r\n                    <div class=\"col\">\r\n                        <div id=\"rw-2-1\" class=\"review-2 bg--white-100 block-shadow r-08\">\r\n\r\n                            <!-- Quote Icon -->\r\n                            <div class=\"review-ico ico-65\"><span class=\"flaticon-quote\"><\/span><\/div>\r\n                            <!-- Text -->\r\n                            <div class=\"review-txt\">\r\n                                <!-- Text -->\r\n                                <p>Augue at vitae purus tempus egestas volutpat augue undo cubilia laoreet magna suscipit luctus dolor blandit at purus tempus feugiat impedit<\/p>\r\n\r\n                                <!-- Author -->\r\n                                <div class=\"author-data clearfix\">\r\n\r\n                                    <!-- Avatar -->\r\n                                    <div class=\"review-avatar\">\r\n                                        <img decoding=\"async\" src=\"https:\/\/jthemes.net\/themes\/wp\/martex\/wp-content\/themes\/martex\/assets\/images\/review-author-5.jpg\" alt=\"Jennifer Harper\">\r\n                                    <\/div>\r\n\r\n                                    <!-- Data -->\r\n                                    <div class=\"review-author\">\r\n                                        <h6 class=\"s-18 w-700\">Jennifer Harper<\/h6>\r\n                                        <p class=\"p-sm\">App Developer<\/p>\r\n                                    <\/div>\r\n\r\n                                <\/div> <!-- End Author -->\r\n\r\n                            <\/div> <!-- End Text -->\r\n\r\n                        <\/div>\r\n                    <\/div>\r\n                    <!-- END TESTIMONIAL #1 -->\r\n                            <\/div> <!-- End row -->\r\n        <\/div> <!-- END TESTIMONIALS-2 WRAPPER -->\r\n\r\n    <\/div> <!-- End container -->\r\n<\/section> <!-- END TESTIMONIALS-1 -->\r\n\t\t<\/div>\n\t\t\t\t<\/div>\n\t\t\t\t\t<\/div>\n\t\t<\/div>\n\t\t\t\t\t\t\t<\/div>\n\t\t<\/section>\n\t\t\t\t\t\t\t<\/div>\n\t\t","protected":false},"excerpt":{"rendered":"<p>Conhe\u00e7a nossos cursos Aqui voc\u00ea tem uma vis\u00e3o das op\u00e7\u00f5es de treinamento que oferecemos. Paper Portrait Vintage Poster Reativity Double Color Glued Poster Mockup Poster Online shopping concept for mobile app templates Our Happy Customers Ligula risus auctor tempus magna feugiat lacinia. Augue at vitae purus tempus egestas volutpat augue undo cubilia laoreet magna suscipit&hellip;<\/p>\n","protected":false},"author":1,"featured_media":0,"parent":0,"menu_order":0,"comment_status":"closed","ping_status":"closed","template":"","meta":{"_monsterinsights_skip_tracking":false,"_monsterinsights_sitenote_active":false,"_monsterinsights_sitenote_note":"","_monsterinsights_sitenote_category":0,"footnotes":""},"aioseo_notices":[],"_links":{"self":[{"href":"https:\/\/pragmaconsulting.com.br\/index.php\/wp-json\/wp\/v2\/pages\/649"}],"collection":[{"href":"https:\/\/pragmaconsulting.com.br\/index.php\/wp-json\/wp\/v2\/pages"}],"about":[{"href":"https:\/\/pragmaconsulting.com.br\/index.php\/wp-json\/wp\/v2\/types\/page"}],"author":[{"embeddable":true,"href":"https:\/\/pragmaconsulting.com.br\/index.php\/wp-json\/wp\/v2\/users\/1"}],"replies":[{"embeddable":true,"href":"https:\/\/pragmaconsulting.com.br\/index.php\/wp-json\/wp\/v2\/comments?post=649"}],"version-history":[{"count":27,"href":"https:\/\/pragmaconsulting.com.br\/index.php\/wp-json\/wp\/v2\/pages\/649\/revisions"}],"predecessor-version":[{"id":11238,"href":"https:\/\/pragmaconsulting.com.br\/index.php\/wp-json\/wp\/v2\/pages\/649\/revisions\/11238"}],"wp:attachment":[{"href":"https:\/\/pragmaconsulting.com.br\/index.php\/wp-json\/wp\/v2\/media?parent=649"}],"curies":[{"name":"wp","href":"https:\/\/api.w.org\/{rel}","templated":true}]}}